{"id":238703,"date":"2021-05-03T10:27:56","date_gmt":"2021-05-03T08:27:56","guid":{"rendered":"https:\/\/radroller.hu\/faq\/"},"modified":"2025-07-03T10:38:49","modified_gmt":"2025-07-03T08:38:49","slug":"faq","status":"publish","type":"page","link":"https:\/\/radroller.hu\/de\/faq\/","title":{"rendered":"FAQ"},"content":{"rendered":"\n<h1>H\u00e4ufige Fragen<\/h1>\n<h3><span style=\"font-weight: 400;\">Welche Garantie gilt f\u00fcr die Produkte?<\/span><\/h3>\n<p><span style=\"font-weight: 400;\">Sogenannte lebenslange Garantie. Das bedeutet konkret, dass wir eine durchgehende Garantie f\u00fcr die Produkte geben, solange deren Produktion nicht eingestellt wird. Dies gilt nur f\u00fcr Fabrikationsfehler. Wenn Sie also einen RAD Roller haben, der nach z.B. 3 Jahren kaputt geht, melden Sie ihn uns und wenn der Bruch auf einen Herstellungsfehler zur\u00fcckzuf\u00fchren ist, schicken wir Ihnen einen neuen Roller.<\/span><\/p>\n<h3><span style=\"font-weight: 400;\">Wie lange ist die Lieferzeit?<\/span><\/h3>\n<p><span style=\"font-weight: 400;\">2-3 Arbeitstage. Normalerweise holt der Kurier das Paket am Nachmittag des Tages nach der Bestellung bei uns ab.<\/span><\/p>\n<h3><span style=\"font-weight: 400;\">Was sind die Kontraindikationen?<\/span><\/h3>\n<ul>\n<li style=\"font-weight: 400;\"><span style=\"font-weight: 400;\">Schwere Osteoporose (wenn du eine leichte Osteoporose hast, frage deinen Arzt). <\/span><\/li>\n<li style=\"font-weight: 400;\"><span style=\"font-weight: 400;\">Bruch.<\/span><\/li>\n<li style=\"font-weight: 400;\"><span style=\"font-weight: 400;\">Krebs.<\/span><\/li>\n<li style=\"font-weight: 400;\"><span style=\"font-weight: 400;\">Um offene Wunden herum.<\/span><\/li>\n<li style=\"font-weight: 400;\"><span style=\"font-weight: 400;\">An K\u00f6rperteilen mit \u00d6demen und H\u00e4matomen.<\/span><\/li>\n<li style=\"font-weight: 400;\"><span style=\"font-weight: 400;\">Wenn du schwanger bist, konsultiere deinen Arzt oder Physiotherapeuten.<\/span><\/li>\n<\/ul>\n<h3><span style=\"font-weight: 400;\">Heilen die Produkte irgendwelche Krankheiten?<\/span><\/h3>\n<p><span style=\"font-weight: 400;\">Nein. Auch wenn diese Produkte zur F\u00f6rderung der Gesundheit beitragen und helfen, unsere Mobilit\u00e4t und Flexibilit\u00e4t wiederzuerlangen\/zu verbessern (sogar mit sehr spektakul\u00e4ren Ergebnissen), heilen sie keine spezifische Krankheit.<\/span><\/p>\n<h3><span style=\"font-weight: 400;\">Kann ich die Produkte verwenden, wenn ich nicht gesund bin?<\/span><\/h3>\n<p><span style=\"font-weight: 400;\">Es kommt darauf an, was das Problem ist. Wenn du Krebs hast, solltest du sie nicht nehmen. Wenn du nur eine Erk\u00e4ltung hast, kannst du sie benutzen. Wenn du dir unsicher bist, konsultiere deinen Arzt oder frage unseren Physiotherapeuten um Rat.   <\/span><\/p>\n<h3><span style=\"font-weight: 400;\">Wie oft sollte ich sie anwenden?<\/span><\/h3>\n<p><span style=\"font-weight: 400;\">Vorzugsweise jeden Tag. Die Wirkung der manuellen Therapie ist dauerhaft, wenn sie regelm\u00e4\u00dfig angewendet wird. Experimentelle Ergebnisse deuten darauf hin, dass f\u00fcr langfristige Ergebnisse eine mindestens 2-w\u00f6chige Therapie erforderlich ist. <\/span><\/p>\n<h3><span style=\"font-weight: 400;\">Wie lange sollte jede \u00dcbung auf der Website dauern?<\/span><\/h3>\n<p><span style=\"font-weight: 400;\">F\u00fcr jede Position reichen 5-10 tiefe Atemz\u00fcge aus.<\/span><\/p>\n<h3><span style=\"font-weight: 400;\">Wie muss es sich anf\u00fchlen, damit ich wei\u00df, ob ich es richtig mache?<\/span><\/h3>\n<p><span style=\"font-weight: 400;\">W\u00e4hrend der Behandlung wirst du einen leichten Schmerz sp\u00fcren. In schlimmerem Zustand wirst du an den Resektionen und den empfindlichen Kn\u00f6tchen (Triggerpunkten) etwas mehr Schmerzen versp\u00fcren. Es ist jedoch wichtig, daran zu denken, dass es nicht gut ist, zu starke Schmerzen zu haben. Zu starke Schmerzen l\u00f6sen den Abwehrmechanismus deines K\u00f6rpers aus und du ziehst deine Muskeln unwillk\u00fcrlich zusammen, was genau das Gegenteil von dem ist, was du erreichen willst (Entspannung der Muskeln).   <\/span><\/p>\n<h3><span style=\"font-weight: 400;\">Wann werde ich die Auswirkungen der \u00dcbung sp\u00fcren?<\/span><\/h3>\n<p><span style=\"font-weight: 400;\">Direkt nach der Behandlung. In einigen F\u00e4llen wird die Ver\u00e4nderung der Mobilit\u00e4t und Flexibilit\u00e4t sehr deutlich sp\u00fcrbar sein. Auch eventuelle Schmerzen werden fast sofort gelindert. Allerdings l\u00e4sst die Wirkung einer einzelnen Behandlung relativ schnell nach. Langfristige Ver\u00e4nderungen k\u00f6nnen bei regelm\u00e4\u00dfiger Anwendung erzielt werden.    <\/span><\/p>\n<h3><span style=\"font-weight: 400;\">Wie kann ich um Hilfe bitten, wenn ich unsicher bin?<\/span><\/h3>\n<p><span style=\"font-weight: 400;\">Kontaktiere uns \u00fcber die Kontaktdaten oben auf der Seite oder durch Ausf\u00fcllen des Kontaktformulars. Du kannst unseren Physiotherapeuten auch direkt anrufen: +36309895315 (Ungarisch). <\/span><\/p>\n<h3><span style=\"font-weight: 400;\">Wie kann ich das\/die RAD-Produkt(e) ausw\u00e4hlen, die am besten zu mir passen?<\/span><\/h3>\n<p><span style=\"font-weight: 400;\">Lies dir alles durch, was du auf dieser Website finden kannst. Wenn du noch unsicher bist, welches Ger\u00e4t f\u00fcr deine Ziele am besten geeignet ist, kontaktiere uns oder rufe uns an!<\/span><\/p>\n<h3><span style=\"font-weight: 400;\">Gibt es einen Mengenrabatt?<\/span><\/h3>\n<p><span style=\"font-weight: 400;\">Wir bieten derzeit keine automatischen Mengenrabatte an. Wenn du viele Ger\u00e4te ben\u00f6tigst, kontaktiere uns bitte. Vielleicht stellst du sogar fest, dass eines unserer Partnerprogramme das Beste f\u00fcr dich ist.<\/span><\/p>\n<h3><span style=\"font-weight: 400;\">Gibt es ein Programm f\u00fcr treue Kunden?<\/span><\/h3>\n<p><span style=\"font-weight: 400;\">Wir haben derzeit kein Programm f\u00fcr treue Kunden.<\/span><\/p>\n<h3><span style=\"font-weight: 400;\">Kann ich eine kostenlose Lieferung bekommen?<\/span><\/h3>\n<p><span style=\"font-weight: 400;\">Ja. Bei Bestellungen \u00fcber 40.000 HUF in Ungarn ist die Lieferung kostenlos, bei internationalen Bestellungen \u00fcber 200 EUR. Wir m\u00f6chten, dass du dich mit unseren Produkten vom ersten Moment an entspannt f\u00fchlen kannst.<\/span><\/p>\n<h3><span style=\"font-weight: 400;\">Wie kann ich dein Partner sein?<\/span><\/h3>\n<p><span style=\"font-weight: 400;\">Wenn du denkst, dass deine Kunden\/Patienten\/Sportler an unseren Produkten interessiert sein k\u00f6nnten, oder wenn du dich aus irgendeinem Grund am Vertrieb beteiligen m\u00f6chtest, dann kontaktiere uns bitte! <\/span><\/p>\n<h3><span style=\"font-weight: 400;\">Kann man irgendwo einen RAD-Kurs machen?<\/span><\/h3>\n<p>Ja, obwohl es im Moment nur regelm\u00e4\u00dfige RAD-Kurse in den USA gibt (RAD Mobility 1-3, RAD Golf und RAD Yoga). Um zu erfahren, wann und wo es welche in Deutschland \/ Austria gibt, melde dich f\u00fcr unseren Newsletter an oder folge unserer Facebook-Seite.<\/p>\n<h3><span style=\"font-weight: 400;\">Wie funktioniert die Kreditkartenzahlung auf eurer Website?<\/span><\/h3>\n<p><span style=\"font-weight: 400;\">Reibungslos und sicher. Dies sind die beiden Gr\u00fcnde, warum wir uns entschieden haben, PayPal mit der Verwaltung unserer Kreditkartentransaktionen zu betrauen. PayPal stellt das Zahlungssystem f\u00fcr eBay und viele andere gro\u00dfe globale Online-Shops zur Verf\u00fcgung. Eines der wichtigsten Merkmale ist, dass Ihre Kreditkartendaten bei der Nutzung nicht an den H\u00e4ndler (uns, falls zutreffend) weitergegeben werden. Um mehr zu erfahren, klicke <\/span><a href=\"https:\/\/www.paypal.com\/hu\/webapps\/mpp\/paypal-safety-and-security\" target=\"_blank\" rel=\"noopener\"><span style=\"font-weight: 400;\">hier<\/span><\/a><span style=\"font-weight: 400;\">.<\/span><\/p>\n<p><span style=\"font-weight: 400;\">Und ab 2020 kannst du auch unseren anderen Zahlungspartner f\u00fcr Kreditkartenzahlungen w\u00e4hlen, Barion. Die im Jahr 2015 gegr\u00fcndete Barion Payment Zrt. ist ein elektronischer Zahlungsdienstleister. Sie arbeitet mit einer Lizenz der Magyar Nemzeti Bank und bietet grenz\u00fcberschreitende Dienstleistungen f\u00fcr Kunden im Europ\u00e4ischen Wirtschaftsraum an.<\/span><\/p>\n<p>Ab 2021 werden Sie auch die M\u00f6glichkeit haben, mit Stripe zu bezahlen, das dieses Jahr in Ungarn eingef\u00fchrt wurde. Wenn Sie sich daf\u00fcr entscheiden, k\u00f6nnen Sie sich weiterhin der v\u00f6lligen Anonymit\u00e4t sicher sein. Wir werden auch in diesem Fall Ihre Bankkartendaten nicht sehen, sondern nur, ob die Zahlung erfolgreich war oder nicht.  <\/p>\n<h3><span style=\"font-weight: 400;\">Ich habe per Nachnahme bestellt, aber eine \u00dcberweisungsrechnung erhalten. Was soll ich tun?<\/span><\/h3>\n<p>Sobald wir deine Bestellung abgeschickt haben, erstellt unser System automatisch eine E-Rechnung f\u00fcr deine Zahlung. Wenn du eine Lieferung per Nachnahme gew\u00fcnscht hast, m\u00fcsst du den Zusteller bezahlen und die \u00dcberweisungsrechnung wird beglichen.<\/p>\n<h3><span style=\"font-weight: 400;\">Ich habe meine Meinung ge\u00e4ndert und m\u00f6chte das Produkt gegen ein anderes umtauschen. Ist das m\u00f6glich?<\/span><\/h3>\n<p>Ja, nat\u00fcrlich! Wir m\u00f6chten, dass du mit deinem Ger\u00e4t zufrieden bist! In diesem Fall kontaktieren Sie uns bitte unter info@radroller.hu. Wir schicken dir das neue Produkt deiner Wahl und der Lieferdienst schickt das nicht ben\u00f6tigte zur\u00fcck. Du muss das Produkt also nicht zur Post bringen! Der Umtausch wird zu unseren Standard-Lieferkosten berechnet, die an den Kurierdienst zu zahlen sind.<\/p>\n<h3>Ich m\u00f6chte das Produkt nicht. Was soll ich tun?<\/h3>\n<p>Wenn du, von deinem Widerrufsrecht Gebrauch machen willst, sende bitte das Produkt an unsere Adresse zur\u00fcck, und wir erstatten dir die Kosten das Produkt und die Lieferung. Du kannst dies innerhalb von 30 Tagen nach Erhalt Ihres Produkts tun, ohne einen Grund anzugeben!<\/p>\n\n","protected":false},"excerpt":{"rendered":"<p>Kontraindikation, Lieferung, Zahlung, Garantie. H\u00e4ufig gestellte Fragen zu RAD-Produkten.<\/p>\n","protected":false},"author":2,"featured_media":0,"parent":0,"menu_order":0,"comment_status":"closed","ping_status":"closed","template":"","meta":{"footnotes":""},"class_list":["post-238703","page","type-page","status-publish","hentry"],"_links":{"self":[{"href":"https:\/\/radroller.hu\/de\/wp-json\/wp\/v2\/pages\/238703","targetHints":{"allow":["GET"]}}],"collection":[{"href":"https:\/\/radroller.hu\/de\/wp-json\/wp\/v2\/pages"}],"about":[{"href":"https:\/\/radroller.hu\/de\/wp-json\/wp\/v2\/types\/page"}],"author":[{"embeddable":true,"href":"https:\/\/radroller.hu\/de\/wp-json\/wp\/v2\/users\/2"}],"replies":[{"embeddable":true,"href":"https:\/\/radroller.hu\/de\/wp-json\/wp\/v2\/comments?post=238703"}],"version-history":[{"count":0,"href":"https:\/\/radroller.hu\/de\/wp-json\/wp\/v2\/pages\/238703\/revisions"}],"wp:attachment":[{"href":"https:\/\/radroller.hu\/de\/wp-json\/wp\/v2\/media?parent=238703"}],"curies":[{"name":"wp","href":"https:\/\/api.w.org\/{rel}","templated":true}]}}